{"id":156,"date":"2025-06-11T11:33:04","date_gmt":"2025-06-11T09:33:04","guid":{"rendered":"https:\/\/pracowniapanas.pl\/?page_id=156"},"modified":"2025-06-18T12:57:12","modified_gmt":"2025-06-18T10:57:12","slug":"bio","status":"publish","type":"page","link":"https:\/\/pracowniapanas.pl\/de\/bio\/","title":{"rendered":"BIO"},"content":{"rendered":"<section class=\"section dark\" id=\"section_1001019226\">\n\t\t<div class=\"section-bg fill\" >\n\t\t\t\t\t\t\t\t\t\n\t\t\t\n\n\t\t<\/div>\n\n\t\t\n\n\t\t<div class=\"section-content relative\">\n\t\t\t\n\n<div class=\"row align-middle\"  id=\"row-563875827\">\n\n\n\t<div id=\"col-1375911243\" class=\"col medium-6 small-12 large-7\"  >\n\t\t\t\t<div class=\"col-inner dark\"  >\n\t\t\t\n\t\t\t\n\n\t<div id=\"text-4030416683\" class=\"text\">\n\t\t\n\n<h2 data-start=\"833\" data-end=\"844\"><span style=\"color: #dbcd2b;\">\u00dcber mich<\/span><\/h2>\n<p data-start=\"845\" data-end=\"922\">Bartosz Panas - neotraditionelles k\u00fcnstlerisches Tattoo mit Leidenschaft und Erfahrung<\/p>\n<p data-start=\"924\" data-end=\"1232\">Hallo, mein Name ist <strong data-start=\"943\" data-end=\"960\">Bartosz Panas<\/strong> Mit dem T\u00e4towieren besch\u00e4ftige ich mich seit 2003. Es ist nicht nur mein Beruf, sondern vor allem eine Leidenschaft und eine Form des k\u00fcnstlerischen Ausdrucks. Seit mehr als zwei Jahrzehnten kreiere ich nun schon <strong data-start=\"1116\" data-end=\"1152\">originelle neo-traditionelle Tattoos<\/strong>die klassische Technik mit einem modernen Ansatz f\u00fcr Form und Komposition verbinden.<\/p>\n<h3 data-start=\"1234\" data-end=\"1253\"><span style=\"color: #dbcd2b;\">Der Weg des K\u00fcnstlers<\/span><\/h3>\n<p data-start=\"1254\" data-end=\"1557\">Ich begann meine Reise, indem ich die Grundlagen der Technik erlernte - zu einer Zeit, als Zuverl\u00e4ssigkeit, Vielseitigkeit und handwerkliches K\u00f6nnen noch z\u00e4hlten. Meine ersten Erfolge stellten sich bereits 2008 ein, als ich meine ersten Preise bei der <strong data-start=\"1450\" data-end=\"1473\">Tattoo-Konventionen<\/strong>. Seitdem habe ich mehr gesammelt als <strong data-start=\"1512\" data-end=\"1556\">100 - sowohl in Polen als auch im Ausland<\/strong>.<\/p>\n<p data-start=\"1559\" data-end=\"1866\">Von 2006 bis 2011 war ich Mitbegr\u00fcnder des Studios Gulestus, und 2011 gr\u00fcndete ich das <strong data-start=\"1634\" data-end=\"1653\">Koffein Tattoo<\/strong> - ein Ort, der sich im Laufe der Jahre zu einem <strong data-start=\"1695\" data-end=\"1743\">eine Legende der polnischen Tattoo-Szene<\/strong>. Es war ein kreativer Raum, in dem sich K\u00fcnstler aus der ganzen Welt trafen und Erfahrungen, Wissen und Inspiration austauschten.<\/p>\n\t\t\n<style>\n#text-4030416683 {\n  font-size: 1.2rem;\n}\n@media (min-width:550px) {\n  #text-4030416683 {\n    font-size: 1rem;\n  }\n}\n@media (min-width:850px) {\n  #text-4030416683 {\n    font-size: 1.25rem;\n  }\n}\n<\/style>\n\t<\/div>\n\t\n\n\t\t<\/div>\n\t\t\t\t\t<\/div>\n\n\t\n\n\t<div id=\"col-353140717\" class=\"col medium-6 small-12 large-5\"  >\n\t\t\t\t<div class=\"col-inner\"  >\n\t\t\t\n\t\t\t\n\n\t<div class=\"img has-hover x md-x lg-x y md-y lg-y\" id=\"image_945067394\">\n\t\t\t\t\t\t\t\t<div class=\"img-inner dark\" >\n\t\t\t<img loading=\"lazy\" decoding=\"async\" width=\"750\" height=\"1000\" src=\"https:\/\/pracowniapanas.pl\/wp-content\/uploads\/2025\/06\/panas-bio-1.jpg\" class=\"attachment-original size-original\" alt=\"\" srcset=\"https:\/\/pracowniapanas.pl\/wp-content\/uploads\/2025\/06\/panas-bio-1.jpg 750w, https:\/\/pracowniapanas.pl\/wp-content\/uploads\/2025\/06\/panas-bio-1-225x300.jpg 225w\" sizes=\"auto, (max-width: 750px) 100vw, 750px\" \/>\t\t\t\t\t\t\n\t\t\t\t\t<\/div>\n\t\t\t\t\t\t\t\t\n<style>\n#image_945067394 {\n  width: 100%;\n}\n<\/style>\n\t<\/div>\n\t\n\n\n\t\t<\/div>\n\t\t\t\t\t<\/div>\n\n\t\n\n<\/div>\n\t<div id=\"gap-1787555507\" class=\"gap-element clearfix\" style=\"display:block; height:auto;\">\n\t\t\n<style>\n#gap-1787555507 {\n  padding-top: 30px;\n}\n<\/style>\n\t<\/div>\n\t\n\n<div class=\"row\"  id=\"row-217553078\">\n\n\n\t<div id=\"col-1743455978\" class=\"col small-12 large-12\"  >\n\t\t\t\t<div class=\"col-inner dark\"  >\n\t\t\t\n\t\t\t\n\n<div class=\"text-center\"><div class=\"is-divider divider clearfix\" style=\"max-width:301px;height:2px;background-color:rgb(255, 253, 137);\"><\/div><\/div>\n\n\t<div id=\"gap-470304113\" class=\"gap-element clearfix\" style=\"display:block; height:auto;\">\n\t\t\n<style>\n#gap-470304113 {\n  padding-top: 30px;\n}\n<\/style>\n\t<\/div>\n\t\n\n\t<div id=\"text-1212720707\" class=\"text\">\n\t\t\n\n<h3 data-start=\"1868\" data-end=\"1890\"><span style=\"color: #dbcd2b;\">Stil und Ansatz<\/span><\/h3>\n<p data-start=\"1891\" data-end=\"2132\">Ich bin spezialisiert auf <strong data-start=\"1910\" data-end=\"1936\">neo-traditionelle T\u00e4towierung<\/strong> - Stil, der klassische Techniken (haupts\u00e4chlich amerikanische und japanische) mit r\u00e4umlichen, zeitgen\u00f6ssischen Formen kombiniert. Die Ergebnisse sind <strong data-start=\"2058\" data-end=\"2095\">zeitlose, kontrastreiche Tattoos<\/strong> mit hoher Haltbarkeit und Ausdruckstiefe.<\/p>\n<p data-start=\"2134\" data-end=\"2402\">Dank meiner Erfahrung, die ich auf zahlreichen Reisen durch Europa, Kongressen und Gastauftritten gesammelt habe, kann ich meinen Kunden eine <strong data-start=\"2269\" data-end=\"2295\">individuelles Vorgehen<\/strong>Offenheit f\u00fcr ihre Visionen und ein umfassendes Verst\u00e4ndnis f\u00fcr die pers\u00f6nlichen Geschichten, die sie durch das T\u00e4towieren ausdr\u00fccken wollen.<\/p>\n<h3 data-start=\"2404\" data-end=\"2424\"><span style=\"color: #dbcd2b;\">Mein Atelier<\/span><\/h3>\n<p data-start=\"2425\" data-end=\"2830\">Im Jahr 2022 er\u00f6ffnete ich mein eigenes Unternehmen, <strong data-start=\"2456\" data-end=\"2531\">ein privates Tattoo-Studio in Warschau - Stadtteil Weso\u0142a<\/strong>, direkt neben <strong data-start=\"2542\" data-end=\"2580\">Masowischer Landschaftspark<\/strong>. Es ist ein Ort, der f\u00fcr Komfort, Ruhe und <strong data-start=\"2634\" data-end=\"2676\">eine vollst\u00e4ndige Konzentration auf die Kundenbeziehungen<\/strong>. Die Atmosph\u00e4re ist f\u00fcr mich von gro\u00dfer Bedeutung - der Blick auf den Wald vor dem Fenster, das nat\u00fcrliche Licht und die Intimit\u00e4t helfen Ihnen, sich auf das Wichtigste zu konzentrieren: Ihr Tattoo.<\/p>\n<h3 data-start=\"2832\" data-end=\"2858\"><span style=\"color: #dbcd2b;\">Betrieb und Entwicklung<\/span><\/h3>\n<p data-start=\"2859\" data-end=\"3124\">Ich bin seit 2022 im Amt <strong data-start=\"2887\" data-end=\"2966\">Hauptrichter beim Tattoofest - dem wichtigsten Tattoo-Festival in Polen<\/strong>. Es ist eine Ehre f\u00fcr mich, aber es ist auch ein riesiger Raum f\u00fcr mich, um mich weiterzuentwickeln - die M\u00f6glichkeit, zu beobachten, wie sich die Tattoo-Szene ver\u00e4ndert und w\u00e4chst, national und international.<\/p>\n<p data-start=\"3126\" data-end=\"3228\">Ich lerne st\u00e4ndig dazu und biete Ihnen <strong data-start=\"3163\" data-end=\"3227\">eine T\u00e4towierung, die nicht nur aussieht, sondern vor allem bedeutet<\/strong>.<\/p>\n\t\t\n<style>\n#text-1212720707 {\n  font-size: 1.2rem;\n}\n@media (min-width:550px) {\n  #text-1212720707 {\n    font-size: 1rem;\n  }\n}\n@media (min-width:850px) {\n  #text-1212720707 {\n    font-size: 1.25rem;\n  }\n}\n<\/style>\n\t<\/div>\n\t\n\n\t\t<\/div>\n\t\t\t\t\t<\/div>\n\n\t\n\n<\/div>\n\n\t\t<\/div>\n\n\t\t\n<style>\n#section_1001019226 {\n  padding-top: 150px;\n  padding-bottom: 150px;\n  background-color: rgb(0,0,0);\n}\n@media (min-width:550px) {\n  #section_1001019226 {\n    padding-top: 140px;\n    padding-bottom: 140px;\n  }\n}\n<\/style>\n\t<\/section>\n\t\n\n\t<section class=\"section\" id=\"section_502694799\">\n\t\t<div class=\"section-bg fill\" >\n\t\t\t\t\t\t\t\t\t\n\t\t\t\n\n\t\t<\/div>\n\n\t\t\n\n\t\t<div class=\"section-content relative\">\n\t\t\t\n\n<div class=\"row\"  id=\"row-554439740\">\n\n\n\t<div id=\"col-1744247979\" class=\"col small-12 large-12\"  >\n\t\t\t\t<div class=\"col-inner\"  >\n\t\t\t\n\t\t\t\n\n<div class=\"text-center\"><div class=\"is-divider divider clearfix\" style=\"max-width:569px;height:2px;background-color:rgb(255, 255, 255);\"><\/div><\/div>\n\n\t<div id=\"text-1924070535\" class=\"text\">\n\t\t\n\n<h3>empfohlen<\/h3>\n\t\t\n<style>\n#text-1924070535 {\n  font-size: 3rem;\n  text-align: center;\n}\n@media (min-width:550px) {\n  #text-1924070535 {\n    text-align: center;\n  }\n}\n<\/style>\n\t<\/div>\n\t\n<div class=\"row row-large align-center\"  id=\"row-1713309605\">\n\n\n\t<div id=\"col-1506705363\" class=\"col medium-2 small-6 large-2\"  >\n\t\t\t\t<div class=\"col-inner\"  >\n\t\t\t\n\t\t\t\n\n\t<div class=\"img has-hover x md-x lg-x y md-y lg-y\" id=\"image_1335595394\">\n\t\t<a class=\"\" href=\"https:\/\/www.instagram.com\/marysia.panas?igsh=MWo3M3ExNWw4enBkMw%3D%3D\" target=\"_blank\" rel=\"noopener\" >\t\t\t\t\t\t<div class=\"img-inner image-zoom dark\" >\n\t\t\t<img loading=\"lazy\" decoding=\"async\" width=\"500\" height=\"500\" src=\"https:\/\/pracowniapanas.pl\/wp-content\/uploads\/2025\/06\/marysia-panas-ilustracje.png\" class=\"attachment-original size-original\" alt=\"\" srcset=\"https:\/\/pracowniapanas.pl\/wp-content\/uploads\/2025\/06\/marysia-panas-ilustracje.png 500w, https:\/\/pracowniapanas.pl\/wp-content\/uploads\/2025\/06\/marysia-panas-ilustracje-300x300.png 300w, https:\/\/pracowniapanas.pl\/wp-content\/uploads\/2025\/06\/marysia-panas-ilustracje-150x150.png 150w, https:\/\/pracowniapanas.pl\/wp-content\/uploads\/2025\/06\/marysia-panas-ilustracje-12x12.png 12w\" sizes=\"auto, (max-width: 500px) 100vw, 500px\" \/>\t\t\t\t\t\t\n\t\t\t\t\t<\/div>\n\t\t\t\t\t\t<\/a>\t\t\n<style>\n#image_1335595394 {\n  width: 100%;\n}\n<\/style>\n\t<\/div>\n\t\n\n\n\t\t<\/div>\n\t\t\t\t\t<\/div>\n\n\t\n\n\t<div id=\"col-1616997711\" class=\"col medium-2 small-6 large-2\"  >\n\t\t\t\t<div class=\"col-inner\"  >\n\t\t\t\n\t\t\t\n\n\t<div class=\"img has-hover x md-x lg-x y md-y lg-y\" id=\"image_1756450015\">\n\t\t<a class=\"\" href=\"https:\/\/crossfitwilanow.pl\/\" target=\"_blank\" rel=\"noopener\" >\t\t\t\t\t\t<div class=\"img-inner image-zoom dark\" >\n\t\t\t<img loading=\"lazy\" decoding=\"async\" width=\"500\" height=\"500\" src=\"https:\/\/pracowniapanas.pl\/wp-content\/uploads\/2025\/06\/1.png\" class=\"attachment-original size-original\" alt=\"\" srcset=\"https:\/\/pracowniapanas.pl\/wp-content\/uploads\/2025\/06\/1.png 500w, https:\/\/pracowniapanas.pl\/wp-content\/uploads\/2025\/06\/1-300x300.png 300w, https:\/\/pracowniapanas.pl\/wp-content\/uploads\/2025\/06\/1-150x150.png 150w, https:\/\/pracowniapanas.pl\/wp-content\/uploads\/2025\/06\/1-12x12.png 12w\" sizes=\"auto, (max-width: 500px) 100vw, 500px\" \/>\t\t\t\t\t\t\n\t\t\t\t\t<\/div>\n\t\t\t\t\t\t<\/a>\t\t\n<style>\n#image_1756450015 {\n  width: 100%;\n}\n<\/style>\n\t<\/div>\n\t\n\n\n\t\t<\/div>\n\t\t\t\t\t<\/div>\n\n\t\n\n\t<div id=\"col-703734292\" class=\"col medium-2 small-6 large-2\"  >\n\t\t\t\t<div class=\"col-inner\"  >\n\t\t\t\n\t\t\t\n\n\t<div class=\"img has-hover x md-x lg-x y md-y lg-y\" id=\"image_1209149729\">\n\t\t<a class=\"\" href=\"https:\/\/www.combatlab365.pl\/\" target=\"_blank\" rel=\"noopener\" >\t\t\t\t\t\t<div class=\"img-inner image-zoom dark\" >\n\t\t\t<img loading=\"lazy\" decoding=\"async\" width=\"501\" height=\"500\" src=\"https:\/\/pracowniapanas.pl\/wp-content\/uploads\/2025\/06\/combat-lab-white.png\" class=\"attachment-original size-original\" alt=\"\" srcset=\"https:\/\/pracowniapanas.pl\/wp-content\/uploads\/2025\/06\/combat-lab-white.png 501w, https:\/\/pracowniapanas.pl\/wp-content\/uploads\/2025\/06\/combat-lab-white-300x300.png 300w, https:\/\/pracowniapanas.pl\/wp-content\/uploads\/2025\/06\/combat-lab-white-150x150.png 150w, https:\/\/pracowniapanas.pl\/wp-content\/uploads\/2025\/06\/combat-lab-white-12x12.png 12w\" sizes=\"auto, (max-width: 501px) 100vw, 501px\" \/>\t\t\t\t\t\t\n\t\t\t\t\t<\/div>\n\t\t\t\t\t\t<\/a>\t\t\n<style>\n#image_1209149729 {\n  width: 100%;\n}\n<\/style>\n\t<\/div>\n\t\n\n\n\t\t<\/div>\n\t\t\t\t\t<\/div>\n\n\t\n\n\t<div id=\"col-1066564656\" class=\"col medium-2 small-6 large-2\"  >\n\t\t\t\t<div class=\"col-inner\"  >\n\t\t\t\n\t\t\t\n\n\t<div class=\"img has-hover x md-x lg-x y md-y lg-y\" id=\"image_1848451499\">\n\t\t<a class=\"\" href=\"https:\/\/detyniecki.com\/\" target=\"_blank\" rel=\"noopener\" >\t\t\t\t\t\t<div class=\"img-inner image-zoom dark\" >\n\t\t\t<img loading=\"lazy\" decoding=\"async\" width=\"500\" height=\"500\" src=\"https:\/\/pracowniapanas.pl\/wp-content\/uploads\/2025\/06\/3.png\" class=\"attachment-original size-original\" alt=\"\" srcset=\"https:\/\/pracowniapanas.pl\/wp-content\/uploads\/2025\/06\/3.png 500w, https:\/\/pracowniapanas.pl\/wp-content\/uploads\/2025\/06\/3-300x300.png 300w, https:\/\/pracowniapanas.pl\/wp-content\/uploads\/2025\/06\/3-150x150.png 150w, https:\/\/pracowniapanas.pl\/wp-content\/uploads\/2025\/06\/3-12x12.png 12w\" sizes=\"auto, (max-width: 500px) 100vw, 500px\" \/>\t\t\t\t\t\t\n\t\t\t\t\t<\/div>\n\t\t\t\t\t\t<\/a>\t\t\n<style>\n#image_1848451499 {\n  width: 100%;\n}\n<\/style>\n\t<\/div>\n\t\n\n\n\t\t<\/div>\n\t\t\t\t\t<\/div>\n\n\t\n\n\t<div id=\"col-213822960\" class=\"col medium-2 small-6 large-2\"  >\n\t\t\t\t<div class=\"col-inner\"  >\n\t\t\t\n\t\t\t\n\n\t<div class=\"img has-hover x md-x lg-x y md-y lg-y\" id=\"image_1089237479\">\n\t\t<a class=\"\" href=\"https:\/\/www.instagram.com\/glodek.chef\" target=\"_blank\" rel=\"noopener\" >\t\t\t\t\t\t<div class=\"img-inner image-zoom dark\" >\n\t\t\t<img loading=\"lazy\" decoding=\"async\" width=\"500\" height=\"500\" src=\"https:\/\/pracowniapanas.pl\/wp-content\/uploads\/2025\/06\/4.png\" class=\"attachment-original size-original\" alt=\"\" srcset=\"https:\/\/pracowniapanas.pl\/wp-content\/uploads\/2025\/06\/4.png 500w, https:\/\/pracowniapanas.pl\/wp-content\/uploads\/2025\/06\/4-300x300.png 300w, https:\/\/pracowniapanas.pl\/wp-content\/uploads\/2025\/06\/4-150x150.png 150w, https:\/\/pracowniapanas.pl\/wp-content\/uploads\/2025\/06\/4-12x12.png 12w\" sizes=\"auto, (max-width: 500px) 100vw, 500px\" \/>\t\t\t\t\t\t\n\t\t\t\t\t<\/div>\n\t\t\t\t\t\t<\/a>\t\t\n<style>\n#image_1089237479 {\n  width: 100%;\n}\n<\/style>\n\t<\/div>\n\t\n\n\n\t\t<\/div>\n\t\t\t\t\t<\/div>\n\n\t\n\n\t<div id=\"col-693777483\" class=\"col medium-2 small-6 large-2\"  >\n\t\t\t\t<div class=\"col-inner\"  >\n\t\t\t\n\t\t\t\n\n\t<div class=\"img has-hover x md-x lg-x y md-y lg-y\" id=\"image_503743200\">\n\t\t<a class=\"\" href=\"https:\/\/www.instagram.com\/aleksandrasedek?igsh=cXdtN2c5YTVnYzA0\" target=\"_blank\" rel=\"noopener\" >\t\t\t\t\t\t<div class=\"img-inner image-zoom dark\" >\n\t\t\t<img loading=\"lazy\" decoding=\"async\" width=\"500\" height=\"500\" src=\"https:\/\/pracowniapanas.pl\/wp-content\/uploads\/2025\/06\/studio-wataha-white-text.png\" class=\"attachment-original size-original\" alt=\"\" srcset=\"https:\/\/pracowniapanas.pl\/wp-content\/uploads\/2025\/06\/studio-wataha-white-text.png 500w, https:\/\/pracowniapanas.pl\/wp-content\/uploads\/2025\/06\/studio-wataha-white-text-300x300.png 300w, https:\/\/pracowniapanas.pl\/wp-content\/uploads\/2025\/06\/studio-wataha-white-text-150x150.png 150w, https:\/\/pracowniapanas.pl\/wp-content\/uploads\/2025\/06\/studio-wataha-white-text-12x12.png 12w\" sizes=\"auto, (max-width: 500px) 100vw, 500px\" \/>\t\t\t\t\t\t\n\t\t\t\t\t<\/div>\n\t\t\t\t\t\t<\/a>\t\t\n<style>\n#image_503743200 {\n  width: 100%;\n}\n<\/style>\n\t<\/div>\n\t\n\n\n\t\t<\/div>\n\t\t\t\t\t<\/div>\n\n\t\n\n\t<div id=\"col-1589575\" class=\"col medium-2 small-6 large-2\"  >\n\t\t\t\t<div class=\"col-inner\"  >\n\t\t\t\n\t\t\t\n\n\t<div class=\"img has-hover x md-x lg-x y md-y lg-y\" id=\"image_605898412\">\n\t\t<a class=\"\" href=\"https:\/\/pantera-academy.pl\/\" target=\"_blank\" rel=\"noopener\" >\t\t\t\t\t\t<div class=\"img-inner image-zoom dark\" >\n\t\t\t<img loading=\"lazy\" decoding=\"async\" width=\"500\" height=\"500\" src=\"https:\/\/pracowniapanas.pl\/wp-content\/uploads\/2025\/06\/panthera.png\" class=\"attachment-original size-original\" alt=\"\" srcset=\"https:\/\/pracowniapanas.pl\/wp-content\/uploads\/2025\/06\/panthera.png 500w, https:\/\/pracowniapanas.pl\/wp-content\/uploads\/2025\/06\/panthera-300x300.png 300w, https:\/\/pracowniapanas.pl\/wp-content\/uploads\/2025\/06\/panthera-150x150.png 150w, https:\/\/pracowniapanas.pl\/wp-content\/uploads\/2025\/06\/panthera-12x12.png 12w\" sizes=\"auto, (max-width: 500px) 100vw, 500px\" \/>\t\t\t\t\t\t\n\t\t\t\t\t<\/div>\n\t\t\t\t\t\t<\/a>\t\t\n<style>\n#image_605898412 {\n  width: 100%;\n}\n<\/style>\n\t<\/div>\n\t\n\n\n\t\t<\/div>\n\t\t\t\t\t<\/div>\n\n\t\n\n\t<div id=\"col-1645176501\" class=\"col medium-2 small-6 large-2\"  >\n\t\t\t\t<div class=\"col-inner\"  >\n\t\t\t\n\t\t\t\n\n\t<div class=\"img has-hover x md-x lg-x y md-y lg-y\" id=\"image_234094759\">\n\t\t<a class=\"\" href=\"https:\/\/infamouskydiving.com\/\" target=\"_blank\" rel=\"noopener\" >\t\t\t\t\t\t<div class=\"img-inner image-zoom dark\" >\n\t\t\t<img loading=\"lazy\" decoding=\"async\" width=\"416\" height=\"388\" src=\"https:\/\/pracowniapanas.pl\/wp-content\/uploads\/2025\/06\/sd-white.png\" class=\"attachment-large size-large\" alt=\"\" srcset=\"https:\/\/pracowniapanas.pl\/wp-content\/uploads\/2025\/06\/sd-white.png 416w, https:\/\/pracowniapanas.pl\/wp-content\/uploads\/2025\/06\/sd-white-300x280.png 300w, https:\/\/pracowniapanas.pl\/wp-content\/uploads\/2025\/06\/sd-white-13x12.png 13w\" sizes=\"auto, (max-width: 416px) 100vw, 416px\" \/>\t\t\t\t\t\t\n\t\t\t\t\t<\/div>\n\t\t\t\t\t\t<\/a>\t\t\n<style>\n#image_234094759 {\n  width: 100%;\n}\n<\/style>\n\t<\/div>\n\t\n\n\n\t\t<\/div>\n\t\t\t\t\t<\/div>\n\n\t\n\n\t<div id=\"col-130735668\" class=\"col medium-2 small-6 large-2\"  >\n\t\t\t\t<div class=\"col-inner\"  >\n\t\t\t\n\t\t\t\n\n\t<div class=\"img has-hover x md-x lg-x y md-y lg-y\" id=\"image_1680562076\">\n\t\t<a class=\"\" href=\"https:\/\/strefaenduro.pl\/\" target=\"_blank\" rel=\"noopener\" >\t\t\t\t\t\t<div class=\"img-inner image-zoom dark\" >\n\t\t\t<img loading=\"lazy\" decoding=\"async\" width=\"501\" height=\"501\" src=\"https:\/\/pracowniapanas.pl\/wp-content\/uploads\/2025\/06\/se-white.png\" class=\"attachment-large size-large\" alt=\"\" srcset=\"https:\/\/pracowniapanas.pl\/wp-content\/uploads\/2025\/06\/se-white.png 501w, https:\/\/pracowniapanas.pl\/wp-content\/uploads\/2025\/06\/se-white-300x300.png 300w, https:\/\/pracowniapanas.pl\/wp-content\/uploads\/2025\/06\/se-white-150x150.png 150w, https:\/\/pracowniapanas.pl\/wp-content\/uploads\/2025\/06\/se-white-12x12.png 12w\" sizes=\"auto, (max-width: 501px) 100vw, 501px\" \/>\t\t\t\t\t\t\n\t\t\t\t\t<\/div>\n\t\t\t\t\t\t<\/a>\t\t\n<style>\n#image_1680562076 {\n  width: 100%;\n}\n<\/style>\n\t<\/div>\n\t\n\n\n\t\t<\/div>\n\t\t\t\t\t<\/div>\n\n\t\n\n\t<div id=\"col-349579276\" class=\"col medium-2 small-6 large-2\"  >\n\t\t\t\t<div class=\"col-inner\"  >\n\t\t\t\n\t\t\t\n\n\t<div class=\"img has-hover x md-x lg-x y md-y lg-y\" id=\"image_1644252831\">\n\t\t<a class=\"\" href=\"https:\/\/www.instagram.com\/bananainkpl?igsh=MXg2cGg0MnlubTJwag%3D%3D&#038;utm_source=qr\" target=\"_blank\" rel=\"noopener\" >\t\t\t\t\t\t<div class=\"img-inner image-zoom dark\" >\n\t\t\t<img loading=\"lazy\" decoding=\"async\" width=\"500\" height=\"500\" src=\"https:\/\/pracowniapanas.pl\/wp-content\/uploads\/2025\/06\/bi-white.png\" class=\"attachment-large size-large\" alt=\"\" srcset=\"https:\/\/pracowniapanas.pl\/wp-content\/uploads\/2025\/06\/bi-white.png 500w, https:\/\/pracowniapanas.pl\/wp-content\/uploads\/2025\/06\/bi-white-300x300.png 300w, https:\/\/pracowniapanas.pl\/wp-content\/uploads\/2025\/06\/bi-white-150x150.png 150w, https:\/\/pracowniapanas.pl\/wp-content\/uploads\/2025\/06\/bi-white-12x12.png 12w\" sizes=\"auto, (max-width: 500px) 100vw, 500px\" \/>\t\t\t\t\t\t\n\t\t\t\t\t<\/div>\n\t\t\t\t\t\t<\/a>\t\t\n<style>\n#image_1644252831 {\n  width: 100%;\n}\n<\/style>\n\t<\/div>\n\t\n\n\n\t\t<\/div>\n\t\t\t\t\t<\/div>\n\n\t\n\n\t<div id=\"col-1408809178\" class=\"col medium-2 small-6 large-2\"  >\n\t\t\t\t<div class=\"col-inner\"  >\n\t\t\t\n\t\t\t\n\n\t<div class=\"img has-hover x md-x lg-x y md-y lg-y\" id=\"image_1236155841\">\n\t\t<a class=\"\" href=\"https:\/\/najgorszytrenerwmiescie.pl\/\" target=\"_blank\" rel=\"noopener\" >\t\t\t\t\t\t<div class=\"img-inner image-zoom dark\" >\n\t\t\t<img loading=\"lazy\" decoding=\"async\" width=\"419\" height=\"411\" src=\"https:\/\/pracowniapanas.pl\/wp-content\/uploads\/2025\/06\/logo-1.png\" class=\"attachment-large size-large\" alt=\"\" srcset=\"https:\/\/pracowniapanas.pl\/wp-content\/uploads\/2025\/06\/logo-1.png 419w, https:\/\/pracowniapanas.pl\/wp-content\/uploads\/2025\/06\/logo-1-300x294.png 300w, https:\/\/pracowniapanas.pl\/wp-content\/uploads\/2025\/06\/logo-1-12x12.png 12w\" sizes=\"auto, (max-width: 419px) 100vw, 419px\" \/>\t\t\t\t\t\t\n\t\t\t\t\t<\/div>\n\t\t\t\t\t\t<\/a>\t\t\n<style>\n#image_1236155841 {\n  width: 100%;\n}\n<\/style>\n\t<\/div>\n\t\n\n\n\t\t<\/div>\n\t\t\t\t\t<\/div>\n\n\t\n\n\t<div id=\"col-1818936550\" class=\"col medium-2 small-6 large-2\"  >\n\t\t\t\t<div class=\"col-inner\"  >\n\t\t\t\n\t\t\t\n\n\t<div class=\"img has-hover x md-x lg-x y md-y lg-y\" id=\"image_1908591692\">\n\t\t<a class=\"\" href=\"https:\/\/convention.tattoofest.pl\/\" target=\"_blank\" rel=\"noopener\" >\t\t\t\t\t\t<div class=\"img-inner image-zoom dark\" >\n\t\t\t<img loading=\"lazy\" decoding=\"async\" width=\"500\" height=\"500\" src=\"https:\/\/pracowniapanas.pl\/wp-content\/uploads\/2025\/06\/tattoo-fest-2.png\" class=\"attachment-large size-large\" alt=\"\" srcset=\"https:\/\/pracowniapanas.pl\/wp-content\/uploads\/2025\/06\/tattoo-fest-2.png 500w, https:\/\/pracowniapanas.pl\/wp-content\/uploads\/2025\/06\/tattoo-fest-2-300x300.png 300w, https:\/\/pracowniapanas.pl\/wp-content\/uploads\/2025\/06\/tattoo-fest-2-150x150.png 150w, https:\/\/pracowniapanas.pl\/wp-content\/uploads\/2025\/06\/tattoo-fest-2-12x12.png 12w\" sizes=\"auto, (max-width: 500px) 100vw, 500px\" \/>\t\t\t\t\t\t\n\t\t\t\t\t<\/div>\n\t\t\t\t\t\t<\/a>\t\t\n<style>\n#image_1908591692 {\n  width: 100%;\n}\n<\/style>\n\t<\/div>\n\t\n\n\n\t\t<\/div>\n\t\t\t\t\t<\/div>\n\n\t\n\n\t<div id=\"col-1006860502\" class=\"col medium-2 small-6 large-2\"  >\n\t\t\t\t<div class=\"col-inner\"  >\n\t\t\t\n\t\t\t\n\n\t<div class=\"img has-hover x md-x lg-x y md-y lg-y\" id=\"image_258023773\">\n\t\t<a class=\"\" href=\"https:\/\/convention.tattoofest.pl\/\" target=\"_blank\" rel=\"noopener\" >\t\t\t\t\t\t<div class=\"img-inner image-zoom dark\" >\n\t\t\t<img loading=\"lazy\" decoding=\"async\" width=\"1020\" height=\"1020\" src=\"https:\/\/pracowniapanas.pl\/wp-content\/uploads\/2025\/06\/dziki-kraj-1024x1024.png\" class=\"attachment-large size-large\" alt=\"\" srcset=\"https:\/\/pracowniapanas.pl\/wp-content\/uploads\/2025\/06\/dziki-kraj-1024x1024.png 1024w, https:\/\/pracowniapanas.pl\/wp-content\/uploads\/2025\/06\/dziki-kraj-300x300.png 300w, https:\/\/pracowniapanas.pl\/wp-content\/uploads\/2025\/06\/dziki-kraj-150x150.png 150w, https:\/\/pracowniapanas.pl\/wp-content\/uploads\/2025\/06\/dziki-kraj-768x768.png 768w, https:\/\/pracowniapanas.pl\/wp-content\/uploads\/2025\/06\/dziki-kraj-1536x1536.png 1536w, https:\/\/pracowniapanas.pl\/wp-content\/uploads\/2025\/06\/dziki-kraj-2048x2048.png 2048w, https:\/\/pracowniapanas.pl\/wp-content\/uploads\/2025\/06\/dziki-kraj-12x12.png 12w\" sizes=\"auto, (max-width: 1020px) 100vw, 1020px\" \/>\t\t\t\t\t\t\n\t\t\t\t\t<\/div>\n\t\t\t\t\t\t<\/a>\t\t\n<style>\n#image_258023773 {\n  width: 100%;\n}\n<\/style>\n\t<\/div>\n\t\n\n\n\t\t<\/div>\n\t\t\t\t\t<\/div>\n\n\t\n\n\t<div id=\"col-2040339491\" class=\"col medium-2 small-6 large-2\"  >\n\t\t\t\t<div class=\"col-inner\"  >\n\t\t\t\n\t\t\t\n\n\t<div class=\"img has-hover x md-x lg-x y md-y lg-y\" id=\"image_1921766765\">\n\t\t<a class=\"\" href=\"https:\/\/fundacja.niemusibolec.com\/\" target=\"_blank\" rel=\"noopener\" >\t\t\t\t\t\t<div class=\"img-inner image-zoom dark\" >\n\t\t\t<img loading=\"lazy\" decoding=\"async\" width=\"500\" height=\"500\" src=\"https:\/\/pracowniapanas.pl\/wp-content\/uploads\/2025\/06\/nie-musi-bolec-1.png\" class=\"attachment-large size-large\" alt=\"\" srcset=\"https:\/\/pracowniapanas.pl\/wp-content\/uploads\/2025\/06\/nie-musi-bolec-1.png 500w, https:\/\/pracowniapanas.pl\/wp-content\/uploads\/2025\/06\/nie-musi-bolec-1-300x300.png 300w, https:\/\/pracowniapanas.pl\/wp-content\/uploads\/2025\/06\/nie-musi-bolec-1-150x150.png 150w, https:\/\/pracowniapanas.pl\/wp-content\/uploads\/2025\/06\/nie-musi-bolec-1-12x12.png 12w\" sizes=\"auto, (max-width: 500px) 100vw, 500px\" \/>\t\t\t\t\t\t\n\t\t\t\t\t<\/div>\n\t\t\t\t\t\t<\/a>\t\t\n<style>\n#image_1921766765 {\n  width: 100%;\n}\n<\/style>\n\t<\/div>\n\t\n\n\n\t\t<\/div>\n\t\t\t\t\t<\/div>\n\n\t\n\n\t<div id=\"col-2114835222\" class=\"col medium-2 small-6 large-2\"  >\n\t\t\t\t<div class=\"col-inner\"  >\n\t\t\t\n\t\t\t\n\n\t<div class=\"img has-hover x md-x lg-x y md-y lg-y\" id=\"image_533316359\">\n\t\t<a class=\"\" href=\"https:\/\/www.facebook.com\/damian.rutkowski.webdesign\" target=\"_blank\" rel=\"noopener\" >\t\t\t\t\t\t<div class=\"img-inner image-zoom dark\" >\n\t\t\t<img loading=\"lazy\" decoding=\"async\" width=\"500\" height=\"500\" src=\"https:\/\/pracowniapanas.pl\/wp-content\/uploads\/2025\/06\/dr-1.png\" class=\"attachment-large size-large\" alt=\"\" srcset=\"https:\/\/pracowniapanas.pl\/wp-content\/uploads\/2025\/06\/dr-1.png 500w, https:\/\/pracowniapanas.pl\/wp-content\/uploads\/2025\/06\/dr-1-300x300.png 300w, https:\/\/pracowniapanas.pl\/wp-content\/uploads\/2025\/06\/dr-1-150x150.png 150w, https:\/\/pracowniapanas.pl\/wp-content\/uploads\/2025\/06\/dr-1-12x12.png 12w\" sizes=\"auto, (max-width: 500px) 100vw, 500px\" \/>\t\t\t\t\t\t\n\t\t\t\t\t<\/div>\n\t\t\t\t\t\t<\/a>\t\t\n<style>\n#image_533316359 {\n  width: 100%;\n}\n<\/style>\n\t<\/div>\n\t\n\n\n\t\t<\/div>\n\t\t\t\t\t<\/div>\n\n\t\n\n<\/div>\n\t<div id=\"gap-1005917893\" class=\"gap-element clearfix\" style=\"display:block; height:auto;\">\n\t\t\n<style>\n#gap-1005917893 {\n  padding-top: 30px;\n}\n<\/style>\n\t<\/div>\n\t\n\n\n\t\t<\/div>\n\t\t\t\t\t<\/div>\n\n\t\n\n<\/div>\n\n\t\t<\/div>\n\n\t\t\n<style>\n#section_502694799 {\n  padding-top: 30px;\n  padding-bottom: 30px;\n  background-color: rgb(0,0,0);\n}\n<\/style>\n\t<\/section>","protected":false},"excerpt":{"rendered":"","protected":false},"author":1,"featured_media":0,"parent":0,"menu_order":0,"comment_status":"closed","ping_status":"closed","template":"page-single-page-nav-transparent-light.php","meta":{"footnotes":""},"class_list":["post-156","page","type-page","status-publish","hentry"],"_links":{"self":[{"href":"https:\/\/pracowniapanas.pl\/de\/wp-json\/wp\/v2\/pages\/156","targetHints":{"allow":["GET"]}}],"collection":[{"href":"https:\/\/pracowniapanas.pl\/de\/wp-json\/wp\/v2\/pages"}],"about":[{"href":"https:\/\/pracowniapanas.pl\/de\/wp-json\/wp\/v2\/types\/page"}],"author":[{"embeddable":true,"href":"https:\/\/pracowniapanas.pl\/de\/wp-json\/wp\/v2\/users\/1"}],"replies":[{"embeddable":true,"href":"https:\/\/pracowniapanas.pl\/de\/wp-json\/wp\/v2\/comments?post=156"}],"version-history":[{"count":23,"href":"https:\/\/pracowniapanas.pl\/de\/wp-json\/wp\/v2\/pages\/156\/revisions"}],"predecessor-version":[{"id":421,"href":"https:\/\/pracowniapanas.pl\/de\/wp-json\/wp\/v2\/pages\/156\/revisions\/421"}],"wp:attachment":[{"href":"https:\/\/pracowniapanas.pl\/de\/wp-json\/wp\/v2\/media?parent=156"}],"curies":[{"name":"wp","href":"https:\/\/api.w.org\/{rel}","templated":true}]}}